{"id":14,"date":"2026-03-10T17:00:00","date_gmt":"2026-03-10T16:00:00","guid":{"rendered":"https:\/\/www.dortynaprani-np.cz\/?page_id=14"},"modified":"2026-04-01T18:56:57","modified_gmt":"2026-04-01T16:56:57","slug":"cenik","status":"publish","type":"page","link":"https:\/\/www.dortynaprani-np.cz\/?page_id=14","title":{"rendered":"Cen\u00edk"},"content":{"rendered":"\n<p><strong><span style=\"text-decoration: underline;\">Dorty:<\/span><\/strong><\/p>\n\n\n\n<div class=\"wp-block-group\"><div class=\"wp-block-group__inner-container is-layout-constrained wp-block-group-is-layout-constrained\">\n<div class=\"wp-block-group is-vertical is-layout-flex wp-container-core-group-is-layout-8cf370e7 wp-block-group-is-layout-flex\">\n<p>Bento dort: 700,- ( 1kg 3-4 porce)<\/p>\n\n\n\n<p>Mal\u00fd dort: 1600,- (1,5 \u2013 2kg 7-9 porc\u00ed)<\/p>\n\n\n\n<p>St\u0159edn\u00ed dort: 1800,- (2 \u2013 3 kg 12-14 porc\u00ed)<\/p>\n\n\n\n<p>Velk\u00fd dort: 2000,- (3,5 \u2013 4 kg 15-18&nbsp;porc\u00ed)<\/p>\n\n\n\n<p>Maxi dort: 2700,- (4,5 \u2013 5,5 kg 30-35 porc\u00ed)<\/p>\n\n\n\n<p>Dvoupatrov\u00fd dort: 4700,- (7,5 \u2013 9kg 45-55 porc\u00ed)<\/p>\n\n\n\n<p>T\u0159\u00edpatrov\u00fd dort: 5200,- ,- (9,5 \u2013 10kg 60-70 porc\u00ed)<\/p>\n<\/div>\n<\/div><\/div>\n\n\n\n<p><strong>Upozorn\u011bn\u00ed: Porce a v\u00e1ha jsou pouze orienta\u010dn\u00ed&nbsp;<\/strong><\/p>\n\n\n\n<p><strong><span style=\"text-decoration: underline;\">P\u0159\u00edchut\u011b:<\/span><\/strong><\/p>\n\n\n\n<ol class=\"wp-block-list\">\n<li> \u010coko\/Brownie s mascarpone b\u00edl\u00e1 \u010doko. a rozvar z lesn\u00edho ovoce<\/li>\n\n\n\n<li>  Vanil. s mascarpone ml\u00e9\u010dn\u00e1 \u010doko a nutella<\/li>\n\n\n\n<li>Red Velvet s mascarpone, philadephi\u00ed a malinov\u00fdm rozvarem<\/li>\n\n\n\n<li>Mrkv\u00e1\u010d s mascarpone a \u010derstv\u00fdm ovocem<\/li>\n\n\n\n<li>\u010coko\/Brownie s mascarpone ml\u00e9\u010dn\u00e1 \u010doko a ban\u00e1n<\/li>\n\n\n\n<li>Vanil. s mascarpone b\u00edl\u00e1 \u010doko a rozvar z jahod<\/li>\n\n\n\n<li>O\u0159ech s mascarpone ml\u00e9\u010dn\u00e1 \u010doko a rozvar z lesn\u00edho ovoce<\/li>\n\n\n\n<li>Bezlepek s mascarpone a s rozvarem z lesn\u00edho ovoce<\/li>\n\n\n\n<li>Kokosov\u00fd korpus s mascarpone,kokosem a rozvarem z lesn\u00edho ovoce<\/li>\n\n\n\n<li> Pist\u00e1ciov\u00fd korpus s mascarpone b\u00edl\u00e1 \u010doko a rozvar z malin<\/li>\n\n\n\n<li>Makov\u00fd s mascarpone a lemon curd<\/li>\n\n\n\n<li>\u010coko\/Brownie s mascarpone ml\u00e9\u010dn\u00e1 \u010doko,karamel,ara\u0161\u00eddy<\/li>\n<\/ol>\n\n\n\n<p><strong>Lze r\u016fzn\u00e9 p\u0159\u00edchut\u011b po domluv\u011b mixovat.<br>P\u0159\u00edchut\u011b 7,10,11,12 budou v jin\u00e9 cenov\u00e9 relaci,ne\u017e ostatn\u00ed.<\/strong><\/p>\n\n\n\n<p><strong><span style=\"text-decoration: underline;\">Dezerty:<\/span><\/strong><\/p>\n\n\n\n<div class=\"wp-block-group is-vertical is-layout-flex wp-container-core-group-is-layout-8cf370e7 wp-block-group-is-layout-flex\">\n<p>V\u011btrn\u00edk 65,-<\/p>\n\n\n\n<p>Cupcakes: 60,-&nbsp;<\/p>\n\n\n\n<p>Mini ko\u0161\u00ed\u010dek: 10,-<\/p>\n\n\n\n<p>Cake Pops: 45,-&nbsp;<\/p>\n\n\n\n<p>Nanuk: 48,-<\/p>\n\n\n\n<p>Modern\u00ed pun\u010d\u00e1k: 58,-<\/p>\n\n\n\n<p>Tartaletky: 50,-<\/p>\n\n\n\n<p>Mini Pavlova: 52,-<\/p>\n\n\n\n<p>Dezert skleni\u010dka: 58,-&nbsp;<\/p>\n<\/div>\n","protected":false},"excerpt":{"rendered":"<p>Dorty: Bento dort: 700,- ( 1kg 3-4 porce) Mal\u00fd dort: 1600,- (1,5 \u2013 2kg 7-9 porc\u00ed) St\u0159edn\u00ed dort: 1800,- (2 \u2013 3 kg 12-14 porc\u00ed) Velk\u00fd dort: 2000,- (3,5 \u2013 4 kg 15-18&nbsp;porc\u00ed) Maxi dort: 2700,- (4,5 \u2013 5,5 kg 30-35 porc\u00ed) Dvoupatrov\u00fd dort: 4700,- (7,5 \u2013 9kg 45-55 porc\u00ed) T\u0159\u00edpatrov\u00fd dort: 5200,- ,- (9,5 \u2013 10kg 60-70 porc\u00ed) Upozorn\u011bn\u00ed: Porce a v\u00e1ha jsou pouze orienta\u010dn\u00ed&nbsp; P\u0159\u00edchut\u011b: Lze r\u016fzn\u00e9 p\u0159\u00edchut\u011b po domluv\u011b mixovat.P\u0159\u00edchut\u011b 7,10,11,12 budou v jin\u00e9 cenov\u00e9 relaci,ne\u017e ostatn\u00ed. Dezerty: V\u011btrn\u00edk 65,- Cupcakes: 60,-&nbsp; Mini ko\u0161\u00ed\u010dek: 10,- Cake Pops: 45,-&nbsp; Nanuk: 48,- Modern\u00ed pun\u010d\u00e1k: 58,- Tartaletky: 50,- Mini Pavlova: 52,- Dezert skleni\u010dka: 58,-&nbsp;<\/p>\n","protected":false},"author":1,"featured_media":0,"parent":0,"menu_order":0,"comment_status":"closed","ping_status":"closed","template":"","meta":{"footnotes":""},"class_list":["post-14","page","type-page","status-publish","hentry"],"_links":{"self":[{"href":"https:\/\/www.dortynaprani-np.cz\/index.php?rest_route=\/wp\/v2\/pages\/14","targetHints":{"allow":["GET"]}}],"collection":[{"href":"https:\/\/www.dortynaprani-np.cz\/index.php?rest_route=\/wp\/v2\/pages"}],"about":[{"href":"https:\/\/www.dortynaprani-np.cz\/index.php?rest_route=\/wp\/v2\/types\/page"}],"author":[{"embeddable":true,"href":"https:\/\/www.dortynaprani-np.cz\/index.php?rest_route=\/wp\/v2\/users\/1"}],"replies":[{"embeddable":true,"href":"https:\/\/www.dortynaprani-np.cz\/index.php?rest_route=%2Fwp%2Fv2%2Fcomments&post=14"}],"version-history":[{"count":5,"href":"https:\/\/www.dortynaprani-np.cz\/index.php?rest_route=\/wp\/v2\/pages\/14\/revisions"}],"predecessor-version":[{"id":87,"href":"https:\/\/www.dortynaprani-np.cz\/index.php?rest_route=\/wp\/v2\/pages\/14\/revisions\/87"}],"wp:attachment":[{"href":"https:\/\/www.dortynaprani-np.cz\/index.php?rest_route=%2Fwp%2Fv2%2Fmedia&parent=14"}],"curies":[{"name":"wp","href":"https:\/\/api.w.org\/{rel}","templated":true}]}}